{"id":69,"date":"2019-11-28T14:10:20","date_gmt":"2019-11-28T14:10:20","guid":{"rendered":"https:\/\/cypripedium.at\/?page_id=69"},"modified":"2019-12-01T09:11:31","modified_gmt":"2019-12-01T09:11:31","slug":"kulturanleitung-fur-knollen-orchideen-kontainerkultur","status":"publish","type":"page","link":"https:\/\/cypripedium.at\/?page_id=69","title":{"rendered":"Kulturanleitung f\u00fcr Knollen-Orchideen (Kontainerkultur)"},"content":{"rendered":"\n<h2 class=\"has-text-align-center\"><strong>Topfkultur von Knollenorchideen<\/strong><\/h2>\n\n\n\n<hr class=\"wp-block-separator\"\/>\n\n\n\n<h4 class=\"has-text-align-center\"><strong>insbesondere der Gattungen&nbsp;<em>Ophrys<\/em>,&nbsp;<em>Orchis<\/em>&nbsp;und&nbsp;<em>Serapias<\/em><\/strong><\/h4>\n\n\n\n<figure class=\"wp-block-image size-large\"><img decoding=\"async\" src=\"https:\/\/cypripedium.at\/wp-content\/uploads\/2019\/11\/es_web_platzhalter_bild_3x2@800px-5.png\" alt=\"\" class=\"wp-image-20\"\/><\/figure>\n\n\n\n<p>Wie auch Zwiebelpflanzen sind Knollenorchideen in Gebieten mit ausgepr\u00e4gten Jahreszeiten zu finden. Dabei dient die Knolle zur \u00dcberdauerung der Ruhezeit, zumeist der Niederschlag-armen und hei\u00dfen Sommer.<\/p>\n\n\n\n<p><strong>Vegetationsrythmus<\/strong><\/p>\n\n\n\n<p>Arten der Gattungen&nbsp;<em>Ophrys<\/em>,&nbsp;<em>Orchis<\/em>&nbsp;und&nbsp;<em>Serapias<\/em>&nbsp;sind wintergr\u00fcn: Ihre Vegetationsperiode beginnt im Herbst mit dem Austrieb, wenn die N\u00e4chte beginnen abzuk\u00fchlen. Die Blattrosette entwickelt sich im Winter weiter, oder \u00fcberdauert teilweise gesch\u00fctzt unter einer Schneedecke. Wenn die Temperaturen im Fr\u00fchjahr zu steigen beginnen , setzten die Pflanzen ihr Wachstum fort.&nbsp;&nbsp;Die Bl\u00e4tter strecken sich und die Bl\u00fcte erscheint. Mit zunehmender W\u00e4rme und Trockenheit ziehen die Pflanzen ein , \u00fcberdauern die sommerliche Ruhezeit als unterirdische Knolle.<\/p>\n\n\n\n<p><strong>Kultur<\/strong><\/p>\n\n\n\n<p>Da sich diese Pflanze im Freiland als nicht sehr langlebig erweisen, empfiehlt sich die Kontainerkultur im frostfreien Gew\u00e4chshaus. Je nach Bew\u00e4sserung sind T\u00f6pfe ab 9cm aus Ton oder Kunststoff verwendbar.<\/p>\n\n\n\n<p><strong>Substrat<\/strong><\/p>\n\n\n\n<p>Ein langfristig lockeres,&nbsp;&nbsp;kr\u00fcmmeliges Substrat, mit guter Wasser- und Luftf\u00fchrung ist zu bevorzugen. Dies erreicht man durch die Beimischung von Perlit, Seramis, gebrochenem Bl\u00e4hton etc. Der organische Anteil sollte 20% nicht \u00fcbersteigen, es empfiehlt sich die Verwendung von torffreiem Rindenhumus. Ein Lehmanteil von bis zu 10% hat sich bew\u00e4hrt.<\/p>\n\n\n\n<p><strong>D\u00fcngung<\/strong><\/p>\n\n\n\n<p>Eine D\u00fcngung w\u00e4hrend des Wachstums im Fr\u00fchjahr f\u00f6rdert die Knollengr\u00f6\u00dfe. Die Konzentration der D\u00fcngel\u00f6sung sollte 0,5% nicht \u00fcbersteigen. Herk\u00f6mmlicher Blumend\u00fcnger ist ausreichend. Eine Blattd\u00fcngung ist in Topfkultur vertr\u00e4glicher. Besonders bei der Verwendung von Rindensubstrate ist auf eine Stickstoffd\u00fcngung zu achten, um Chlorosen oder andere N\u00e4hrstoffm\u00e4ngel vorzubeugen.<\/p>\n\n\n\n<p><strong>W\u00e4sserung<\/strong><\/p>\n\n\n\n<p>Nach dem Erscheinen des Neutriebes im Herbst wird das Substrat m\u00e4\u00dfig feucht gehalten. Wenn m Fr\u00fchjahr mit steigenden Temperaturen das Wachstum beschleunigt wird, sind die Wassergaben zu erh\u00f6hen. Nach der Bl\u00fcte, wenn die Bl\u00e4tter sich nach gelb verf\u00e4rben, sind die Wassergaben zu verringern. Ist die Pflanze oberirdisch vollst\u00e4ndig abgetrocknet, wird in der Ruhezeit nur noch selten gew\u00e4ssert, um ein Schrumpfen der Knolle zu verhindern ( ca. alle 2 Wochen). Eine k\u00fchlere Aufbewahrung der Pflanzen in dieser Zeit ist von Vorteil.<\/p>\n\n\n\n<p><strong>Umtopfen<\/strong><\/p>\n\n\n\n<p>J\u00e4hrliches Umtopfen im August ist notwendig. Alle abgestorbenen Pflanzenreste ( Wurzeln, alte Knolle) sind zu entfernen und die neue Knolle in frisches Substrat zu setzen.<\/p>\n\n\n\n<p><strong>Sch\u00e4dlinge, Krankheiten<\/strong><\/p>\n\n\n\n<p>Regelm\u00e4\u00dfige Kontrollen auf den Befall von Blatt-, Schild- oder Wolll\u00e4usen sind durchzuf\u00fchren, ebenso auf Schnecken. Trauerm\u00fcckenlarven oder andere Nematoden k\u00f6nnen an unterirdischen Pflanzenteilen Sch\u00e4den anrichten. Saugende Insekten k\u00f6nnen auch Virosen \u00fcbertragen. Die gr\u00f6\u00dfte Gefahr droht von Pilzinfektionen. Vorbeugendes Gie\u00dfen mit Benlate oder bei Befall mit Previcur&nbsp;&nbsp;bringt Abhilfe.<\/p>\n\n\n\n<p><strong>Vermehrung<\/strong><\/p>\n\n\n\n<p>Eine generative Vermehrung \u00fcber Samen ist m\u00f6glich. Zur symbiotischen oder asymbiotischen Aussaat ist jedoch eine Laborausr\u00fcstung n\u00f6tig. Eine vegetative Vermehrung ist \u00fcber die fr\u00fchzeitige Abnahme der jungen Knolle zu ereichen. Starke Pflanzen bilden oft 2 oder mehrere Knollen aus. Besonders bei&nbsp;<em>Serapias<\/em>&nbsp;ist die vegetative Vermehrung stark ausgepr\u00e4gt.<\/p>\n\n\n\n<p><strong>Bezugsquellen<\/strong><\/p>\n\n\n\n<p>Viele Betriebe k\u00f6nnen Pflanzen aus k\u00fcnstlicher Anzucht in guter Qualit\u00e4t preisg\u00fcnstig liefern. Wenn Sie die angef\u00fchrten Ratschl\u00e4ge beachten&nbsp;<a href=\"http:\/\/www.cypripedium.at\/product35.html\">&lt;Link&gt;&nbsp;<\/a>, k\u00f6nnen negative Erfahrungen abgewendet werden.<\/p>\n\n\n\n<p>In diesem Zusammenhang kann nicht oft genug darauf hingewiesen werden, dass besonders folgende Pflanzen nicht k\u00fcnstlich, oder in ungen\u00fcgender Zahl vermehrt ( generativ und vegetativ ) werden k\u00f6nnen, daher jedes Angebot zu hinterfragen ist. Ein Kauf dieser Pflanzen unterst\u00fctzt nur die illegale Entnahmet\u00e4tigkeit aus der Natur. Die Freude an den Pflanzen w\u00e4hrt auch nur kurz, da diese nicht langlebig sind !<\/p>\n\n\n\n<p><em>Orchis purpurea &nbsp;&nbsp;&nbsp;&nbsp;&nbsp;&nbsp;&nbsp;&nbsp;&nbsp;&nbsp;&nbsp;&nbsp;&nbsp;&nbsp;&nbsp;&nbsp;&nbsp;<\/em>      Purpur Knabenkraut<em><br>Orchis ustulata<\/em>&nbsp;&nbsp;&nbsp;&nbsp;&nbsp;&nbsp;&nbsp;&nbsp;&nbsp;&nbsp;&nbsp;&nbsp;&nbsp;&nbsp;&nbsp;&nbsp;&nbsp;&nbsp;&nbsp;&nbsp;&nbsp; &nbsp;&nbsp;&nbsp;&nbsp;Brannt-Knabenkraut<br><em>Orchis tridentata<\/em>&nbsp;&nbsp;&nbsp;&nbsp;&nbsp;&nbsp;&nbsp;&nbsp;&nbsp;&nbsp;&nbsp;&nbsp;&nbsp;&nbsp;&nbsp;&nbsp;&nbsp;      Dreiz\u00e4hniges Knabenkraut<br><em>Traunsteinera globosa<\/em>&nbsp;&nbsp;&nbsp;&nbsp;&nbsp;&nbsp;&nbsp;&nbsp;&nbsp;&nbsp;&nbsp;  Kugelorchis<br><em>Pseudorchis albida<\/em>&nbsp;&nbsp;&nbsp;&nbsp;&nbsp;&nbsp;&nbsp;&nbsp;&nbsp;&nbsp;&nbsp;&nbsp;&nbsp;&nbsp; &nbsp;&nbsp;&nbsp; Weisse H\u00f6swurz<br><em>Ophrys insectifera<\/em>&nbsp;&nbsp;&nbsp;&nbsp;&nbsp;&nbsp;&nbsp;&nbsp;&nbsp;&nbsp;&nbsp;&nbsp;&nbsp;&nbsp;&nbsp;&nbsp;&nbsp;&nbsp;&nbsp;&nbsp;Fliegenragwurz&nbsp;<br><\/p>\n\n\n\n<p><\/p>\n","protected":false},"excerpt":{"rendered":"<p>Topfkultur von Knollenorchideen insbesondere der Gattungen&nbsp;Ophrys,&nbsp;Orchis&nbsp;und&nbsp;Serapias Wie auch Zwiebelpflanzen sind Knollenorchideen in Gebieten mit ausgepr\u00e4gten Jahreszeiten zu finden. Dabei dient die Knolle zur \u00dcberdauerung der Ruhezeit, zumeist der Niederschlag-armen und hei\u00dfen Sommer. Vegetationsrythmus Arten der Gattungen&nbsp;Ophrys,&nbsp;Orchis&nbsp;und&nbsp;Serapias&nbsp;sind wintergr\u00fcn: Ihre Vegetationsperiode beginnt im Herbst mit dem Austrieb, wenn die N\u00e4chte beginnen abzuk\u00fchlen. Die Blattrosette entwickelt sich im [&hellip;]<\/p>\n","protected":false},"author":1,"featured_media":0,"parent":11,"menu_order":3,"comment_status":"closed","ping_status":"closed","template":"","meta":[],"_links":{"self":[{"href":"https:\/\/cypripedium.at\/index.php?rest_route=\/wp\/v2\/pages\/69"}],"collection":[{"href":"https:\/\/cypripedium.at\/index.php?rest_route=\/wp\/v2\/pages"}],"about":[{"href":"https:\/\/cypripedium.at\/index.php?rest_route=\/wp\/v2\/types\/page"}],"author":[{"embeddable":true,"href":"https:\/\/cypripedium.at\/index.php?rest_route=\/wp\/v2\/users\/1"}],"replies":[{"embeddable":true,"href":"https:\/\/cypripedium.at\/index.php?rest_route=%2Fwp%2Fv2%2Fcomments&post=69"}],"version-history":[{"count":3,"href":"https:\/\/cypripedium.at\/index.php?rest_route=\/wp\/v2\/pages\/69\/revisions"}],"predecessor-version":[{"id":21086,"href":"https:\/\/cypripedium.at\/index.php?rest_route=\/wp\/v2\/pages\/69\/revisions\/21086"}],"up":[{"embeddable":true,"href":"https:\/\/cypripedium.at\/index.php?rest_route=\/wp\/v2\/pages\/11"}],"wp:attachment":[{"href":"https:\/\/cypripedium.at\/index.php?rest_route=%2Fwp%2Fv2%2Fmedia&parent=69"}],"curies":[{"name":"wp","href":"https:\/\/api.w.org\/{rel}","templated":true}]}}