{"id":66,"date":"2019-11-28T14:07:44","date_gmt":"2019-11-28T14:07:44","guid":{"rendered":"https:\/\/cypripedium.at\/?page_id=66"},"modified":"2019-11-28T14:07:44","modified_gmt":"2019-11-28T14:07:44","slug":"kulturanleitung-fur-knabenkrauter","status":"publish","type":"page","link":"https:\/\/cypripedium.at\/?page_id=66","title":{"rendered":"Kulturanleitung f\u00fcr Knabenkr\u00e4uter"},"content":{"rendered":"\n<h2 class=\"has-text-align-center\"><strong>Knabenkraut-Orchideen im Garten( sowie f\u00fcr andere Orchideenarten)<\/strong><\/h2>\n\n\n\n<hr class=\"wp-block-separator\"\/>\n\n\n\n<h4 class=\"has-text-align-center\">Ein Ratgeber f\u00fcr das Pflanzen im Garten<\/h4>\n\n\n\n<figure class=\"wp-block-image size-large\"><img decoding=\"async\" src=\"https:\/\/cypripedium.at\/wp-content\/uploads\/2019\/11\/es_web_platzhalter_bild_3x2@800px-5.png\" alt=\"\" class=\"wp-image-20\"\/><\/figure>\n\n\n\n<p>Unter den Knabenkr\u00e4utern fasst man Pflanzen der Gattung&nbsp;<em>Dactylorhiza<\/em>&nbsp;\u2013mit durchwegs stark geteilten Knollen- und der Gattung&nbsp;<em>Orchis&nbsp;<\/em>&nbsp;\u2013mit runden Speicherorganen-&nbsp;&nbsp;zusammen.<\/p>\n\n\n\n<p>F\u00fcr die Kulturanleitung ist es jedoch notwendig, die Arten in Gruppen zu gliedern, da die verschiedenen Arten unterschiedliche Kulturanspr\u00fcche besitzen.<\/p>\n\n\n\n<p><strong>Einteilung<\/strong><\/p>\n\n\n\n<p><strong>1. feuchte (nasse) Moore, sonniger bis absonniger Standort<\/strong><\/p>\n\n\n\n<p><strong>1.1 saurer Boden<\/strong>&nbsp;&nbsp;&nbsp;&nbsp;&nbsp;&nbsp;&nbsp;&nbsp;&nbsp;&nbsp;&nbsp;siehe &nbsp;&nbsp;<a href=\"http:\/\/www.cypripedium.at\/product47.html\">Anleitung zum Bau einer Mooranlage&nbsp;<\/a><\/p>\n\n\n\n<p><strong>1.2 basischer Boden<\/strong>&nbsp;&nbsp;&nbsp;&nbsp;&nbsp;&nbsp;siehe &nbsp;<a href=\"http:\/\/www.cypripedium.at\/product47.html\">Anleitung zum Bau einer Mooranlage&nbsp;<\/a><\/p>\n\n\n\n<p><strong>2. trockene bis halbtrockene Magerrasen, sonniger bis halbschattiger Standort<\/strong><\/p>\n\n\n\n<p><strong>2.1 saurer Boden<\/strong><\/p>\n\n\n\n<p><strong>2.2 basischer Boden<\/strong><\/p>\n\n\n\n<p><strong>3. Waldstandort, halbschattig bis schattiger Standort<\/strong><\/p>\n\n\n\n<p><strong>3.1 saurer Boden&nbsp;<\/strong><\/p>\n\n\n\n<p><strong>3.2 basischer Boden<\/strong><\/p>\n\n\n\n<p><strong>Klimabereich<\/strong><\/p>\n\n\n\n<p>Knabenkr\u00e4uter (&nbsp;<em>Dactylorhiza<\/em>,&nbsp;<em>Orchis<\/em>) sind zum Teil heimische Pflanzen, die in Mitteleuropa ausreichende Winterh\u00e4rtebesitzen. Auf Winterschutz kann verzichtet werden. Bei fehlender Schneedecke oder frisch gesetzten Pflanzen empfiehlt sich eine Abdeckung mit Vlies, um ein Austrocknen zu verhindern. Auch bei der Kultur von Arten mediterranen Ursprungs bzw. bei deren Einkreuzung ( z.B.&nbsp;<em>Dact. foliosa<\/em>&#8211; Hybriden) , ist ein Winterschutz erforderlich.<br><br><\/p>\n\n\n\n<p><strong>Pflanzung<\/strong><\/p>\n\n\n\n<p>Wir empfehlen als besten Pflanztermin den Fr\u00fchling. Im Herbst gepflanzte Knabenkr\u00e4uter k\u00f6nnen w\u00e4hrend des Winters hochfrieren und vertrocknen ! Nach der Vorbereitung des Pflanzloches ( event. Drainage ) wird&nbsp;&nbsp;die Knolle in den oberen 10 cm des Bodens so tief gepflanzt, dass die Spro\u00dfspitze ca. 5cm unter der Bodenoberfl\u00e4che&nbsp;&nbsp;liegt. Das Substrat sofort angie\u00dfen , aber nicht verdichten !&nbsp;<\/p>\n\n\n\n<p><br><strong>Bew\u00e4sserung und D\u00fcngen<\/strong><\/p>\n\n\n\n<p>Besonders bei der Pflanzung in der N\u00e4he von B\u00e4umen und gr\u00f6\u00dferen Str\u00e4uchern ist darauf zu achten, dass der Boden nie ganz austrocknen. D\u00fcngegaben w\u00e4hrend des Austriebes, und vor dem Einziehen sichern einen starken Neuaustrieb im n\u00e4chsten Jahr. Auch Blattd\u00fcngung&nbsp;&nbsp;ist w\u00e4hrend der Vegetationszeit sehr vertr\u00e4glich. Die H\u00e4lfte der angegebenen Konzentration nicht \u00fcberschreiten ! Bei anhaltenden sommerlichen D\u00fcrreperioden ist besondere Betreuung angebracht.<\/p>\n\n\n\n<p><br><strong>Pflanzenschutz, Sch\u00e4dlinge<\/strong><\/p>\n\n\n\n<p>Zumeist sind Pflanzenverluste auf Pilzinfektionen zur\u00fcck zu f\u00fchren. Auch tierische Sch\u00e4dlinge (Blattl\u00e4use, Erdraupen, Nematoden) k\u00f6nnen Pflanzen schw\u00e4chen. Seit einigen Jahren treten vermehrt Nacktschnecken auf, die besonders an austreibende Pflanzen Sch\u00e4den anrichten. Schneckenkorn oder ein Schneckenzaun bringt Abhilfe. In diesem Zusammenhang sei auch Lebermoos erw\u00e4hnt, welches durch seinen dichten Oberfl\u00e4chenwuchs den Austrieb von kleinw\u00fcchsigen Pflanzen und S\u00e4mlingen verhindern kann. Sofern kein Gew\u00e4sser betroffen ist, kann neben manueller Entfernung auch chemisch behandelt werden.<\/p>\n\n\n\n<p><br><strong>Begleitpflanzen<\/strong><\/p>\n\n\n\n<p>Alle Orchideen vertragen keine Konkurrenz, sind an N\u00e4hrstoff-armen Stellen gebunden.&nbsp;&nbsp;Neben Wurzeln und Steinen k\u00f6nnen f\u00fcr die Gestaltung verschiedene Begleitpflanzen verwendet werden. Bei der richtigen Auswahl f\u00fcr den entsprechenden Pflanzbereich k\u00f6nnen die Angaben der Tabellen behilflich sein.<\/p>\n\n\n\n<p><strong><br>Bezugsquellen<\/strong><\/p>\n\n\n\n<p>Viele Betriebe k\u00f6nnen Pflanzen aus k\u00fcnstlicher Anzucht in guter Qualit\u00e4t preisg\u00fcnstig liefern. Wenn Sie die angef\u00fchrten Ratschl\u00e4ge beachten&nbsp;<a href=\"http:\/\/www.cypripedium.at\/product35.html\">&lt;Link&gt;&nbsp;&nbsp;<\/a>, k\u00f6nnen negative Erfahrungen abgewendet werden.<\/p>\n\n\n\n<p>In diesem Zusammenhang kann nicht oft genug darauf hingewiesen werden, dass besonders folgende Pflanzen nicht k\u00fcnstlich vermehrt ( generativ und vegetativ ) werden k\u00f6nnen, daher jedes Angebot zu hinterfragen ist. Ein Kauf dieser Pflanzen unterst\u00fctzt nur die illegale Entnahmet\u00e4tigkeit aus der Natur. Die Freude an den Pflanzen w\u00e4hrt auch nur kurz, da diese nicht langlebig sind !<\/p>\n\n\n\n<p><em>Orchis ustulata<\/em>&nbsp;&nbsp;&nbsp;&nbsp;&nbsp;&nbsp;&nbsp;&nbsp;&nbsp;&nbsp;&nbsp;&nbsp;&nbsp;&nbsp;&nbsp;&nbsp;&nbsp;&nbsp;&nbsp;&nbsp;&nbsp; &nbsp;&nbsp;Brannt-Knabenkraut<br><em>Nigritella ssp.<\/em>&nbsp;&nbsp;&nbsp;&nbsp;&nbsp;&nbsp;&nbsp;&nbsp;&nbsp;&nbsp;&nbsp;&nbsp;&nbsp;&nbsp;&nbsp;&nbsp;&nbsp;&nbsp;&nbsp;&nbsp;&nbsp;&nbsp;&nbsp;&nbsp; &nbsp;&nbsp;Kohlr\u00f6schen-Arten<br><em>Traunsteinera globosa<\/em>&nbsp;&nbsp;&nbsp;&nbsp;&nbsp;&nbsp;&nbsp;&nbsp;&nbsp;&nbsp;&nbsp; Kugelorchis<br><em>Chamorchis alpina<\/em>&nbsp;&nbsp;&nbsp;&nbsp;&nbsp;&nbsp;&nbsp;&nbsp;&nbsp;&nbsp;&nbsp;&nbsp;&nbsp;     Alpen-Zwergorchis<br><em>Pseudorchis albida<\/em>&nbsp;&nbsp;&nbsp;&nbsp;&nbsp;&nbsp;&nbsp;&nbsp;&nbsp;&nbsp;&nbsp;&nbsp;&nbsp;&nbsp; &nbsp;&nbsp;&nbsp;Weisse H\u00f6swurz<br><em>Ophrys insectifera<\/em>&nbsp;&nbsp;&nbsp;&nbsp;&nbsp;&nbsp;&nbsp;&nbsp;&nbsp;&nbsp;&nbsp;&nbsp;&nbsp;&nbsp;&nbsp;&nbsp;&nbsp;&nbsp;&nbsp;Fliegenragwurz&nbsp;<\/p>\n","protected":false},"excerpt":{"rendered":"<p>Knabenkraut-Orchideen im Garten( sowie f\u00fcr andere Orchideenarten) Ein Ratgeber f\u00fcr das Pflanzen im Garten Unter den Knabenkr\u00e4utern fasst man Pflanzen der Gattung&nbsp;Dactylorhiza&nbsp;\u2013mit durchwegs stark geteilten Knollen- und der Gattung&nbsp;Orchis&nbsp;&nbsp;\u2013mit runden Speicherorganen-&nbsp;&nbsp;zusammen. F\u00fcr die Kulturanleitung ist es jedoch notwendig, die Arten in Gruppen zu gliedern, da die verschiedenen Arten unterschiedliche Kulturanspr\u00fcche besitzen. Einteilung 1. feuchte (nasse) [&hellip;]<\/p>\n","protected":false},"author":1,"featured_media":0,"parent":11,"menu_order":2,"comment_status":"closed","ping_status":"closed","template":"","meta":[],"_links":{"self":[{"href":"https:\/\/cypripedium.at\/index.php?rest_route=\/wp\/v2\/pages\/66"}],"collection":[{"href":"https:\/\/cypripedium.at\/index.php?rest_route=\/wp\/v2\/pages"}],"about":[{"href":"https:\/\/cypripedium.at\/index.php?rest_route=\/wp\/v2\/types\/page"}],"author":[{"embeddable":true,"href":"https:\/\/cypripedium.at\/index.php?rest_route=\/wp\/v2\/users\/1"}],"replies":[{"embeddable":true,"href":"https:\/\/cypripedium.at\/index.php?rest_route=%2Fwp%2Fv2%2Fcomments&post=66"}],"version-history":[{"count":1,"href":"https:\/\/cypripedium.at\/index.php?rest_route=\/wp\/v2\/pages\/66\/revisions"}],"predecessor-version":[{"id":67,"href":"https:\/\/cypripedium.at\/index.php?rest_route=\/wp\/v2\/pages\/66\/revisions\/67"}],"up":[{"embeddable":true,"href":"https:\/\/cypripedium.at\/index.php?rest_route=\/wp\/v2\/pages\/11"}],"wp:attachment":[{"href":"https:\/\/cypripedium.at\/index.php?rest_route=%2Fwp%2Fv2%2Fmedia&parent=66"}],"curies":[{"name":"wp","href":"https:\/\/api.w.org\/{rel}","templated":true}]}}