{"id":36,"date":"2019-11-28T13:06:18","date_gmt":"2019-11-28T13:06:18","guid":{"rendered":"https:\/\/cypripedium.at\/?page_id=36"},"modified":"2019-11-28T14:01:41","modified_gmt":"2019-11-28T14:01:41","slug":"kulturanleitung-fur-kobralilien-arisaema","status":"publish","type":"page","link":"https:\/\/cypripedium.at\/?page_id=36","title":{"rendered":"Kulturanleitung f\u00fcr Kobralilien, Arisaema"},"content":{"rendered":"\n<h2 class=\"has-text-align-center\"><strong>Pflanzanleitung f\u00fcr Arisaema-Arten<\/strong>&nbsp;(Kobralilien oder Feuerkolben)<\/h2>\n\n\n\n<hr class=\"wp-block-separator\"\/>\n\n\n\n<figure class=\"wp-block-image size-large\"><img decoding=\"async\" src=\"https:\/\/cypripedium.at\/wp-content\/uploads\/2019\/11\/es_web_platzhalter_bild_3x2@800px-6.png\" alt=\"\" class=\"wp-image-21\"\/><\/figure>\n\n\n\n<hr class=\"wp-block-separator\"\/>\n\n\n\n<p>&nbsp;K<strong>limabereich<\/strong><\/p>\n\n\n\n<p>&nbsp;Von den rund 300 Arten der Gattung&nbsp;<em>Arisaema<\/em>&nbsp;sind viele auch im gem\u00e4\u00dfigten Klima zu finden. Die f\u00fcr den Garten geeigneten Arten kommen aus N-Amerika und Asien (Indien bis China).Bei geeignetem Standort und richtiger Pflanzung sind tiefe Temperaturen unter dem Gefrierpunkt kein Problem. Hilfreich ist auch ein Winterschutz.<\/p>\n\n\n\n<p>&nbsp;<strong>Standort<\/strong><\/p>\n\n\n\n<p>&nbsp;Die Pflanzen bevorzugen einen halbschattigen, gesch\u00fctzten Standort. Je w\u00e4rmer die Sommer sind, desto schattiger sollten die Pflanzen gesetzt werden .Bei der Pflanzung in der N\u00e4he von gro\u00dfen Str\u00e4uchern und B\u00e4umen muss beachtet werden, dass diese in der Wachstumsperiode viel Wasser und N\u00e4hrstoffe entziehen.<\/p>\n\n\n\n<p>&nbsp;<strong>Boden<\/strong><\/p>\n\n\n\n<p>&nbsp;Als besonders geeignet sind humose, organische B\u00f6den mit guter Wasser- und Luftdurchl\u00e4ssigkeit. Bei B\u00f6den mit schlechtem Wasserabzug empfiehlt sich eine Schicht aus Split, gebrochenem Bl\u00e4hton etc. als Drainage unter der Pflanze einzubringen.&nbsp;<\/p>\n\n\n\n<p>&nbsp;<strong>Pflanzung<\/strong><\/p>\n\n\n\n<p>&nbsp;Als Pflanztermin sind Fr\u00fchling und Herbst, w\u00e4hrend die Knolle ruht, geeignet. Sehr erfolgreich f\u00fcr die \u00dcberwinterung im Freien sind recht tiefe Pflanzungen (25-30cm), so dass ein Durchfrieren verhindert wird.<\/p>\n\n\n\n<p>&nbsp;<strong>Gie\u00dfen und D\u00fcngen<\/strong><\/p>\n\n\n\n<p>&nbsp;Bei steigenden Fr\u00fchlingstemperaturen beginnen die Pflanzen mit dem Austrieb. W\u00e4hrend der Vegetationsperiode ben\u00f6tigen die Pflanzen ausreichende Feuchtigkeit. Bei l\u00e4nger ausbleibenden Niederschlag sollte gegossen werden ! Regelm\u00e4\u00dfige D\u00fcngergaben f\u00f6rdern die Knollengr\u00f6\u00dfe. W\u00e4hrend der Ruhephase im Winter sollen die Pflanzen trockener stehen, ein Schutz vor Schmelzwasser etc. ist anzuraten.<\/p>\n\n\n\n<p>&nbsp;<strong>Pflanzenschutz<\/strong><\/p>\n\n\n\n<p>&nbsp;Nacktschnecken k\u00f6nnen durch Fra\u00dfspuren Schaden anrichten. Bei zu feuchter Erde und zu k\u00fchlen Temperaturen werden ruhende Knollen manchmal von bakteriellen oder Pilz- Infektionen befallen. Eine Rettung ist oftmals durch das Ausschneiden dieser matschigen Stellen und Best\u00e4uben mit Aktivkohle\/Fungizid m\u00f6glich.<\/p>\n\n\n\n<p>&nbsp;<strong>Winterschutz<\/strong><\/p>\n\n\n\n<p><strong>E<\/strong>mpfehlenswert ist als Winterschutz eine Abdeckung mit einer trockenen Mulchdecke, um ein Durchfrieren zu verhindern bzw. eine Schutzma\u00dfnahme gegen winterliche Staun\u00e4sse.<\/p>\n\n\n\n<p>&nbsp;<strong>Vermehrung<\/strong><\/p>\n\n\n\n<p>&nbsp;Durch Aussaat oder bei einigen Arten \u00fcber Tochterknollen.<\/p>\n\n\n\n<p>&nbsp;<strong>Geeignete Arten f\u00fcr den Garten<\/strong><\/p>\n\n\n\n<p>&nbsp;Folgende Arten sind f\u00fcr den Garten sehr geeignet und ausreichend winterhart:&nbsp;<em>Arisaema amurense, A. candidissimum, A. caudatum, A. consanguineum, A. fargesii, A. flavum, A. franchetianum, A. griffithii,&nbsp;<\/em><em>A. nepenthoides, A. propinquum, A. ringens, A. serratum, A. sikokianum, A. speciosum, A. stewardsonii, A. triphyllum&nbsp;<\/em>etc.<\/p>\n","protected":false},"excerpt":{"rendered":"<p>Pflanzanleitung f\u00fcr Arisaema-Arten&nbsp;(Kobralilien oder Feuerkolben) &nbsp;Klimabereich &nbsp;Von den rund 300 Arten der Gattung&nbsp;Arisaema&nbsp;sind viele auch im gem\u00e4\u00dfigten Klima zu finden. Die f\u00fcr den Garten geeigneten Arten kommen aus N-Amerika und Asien (Indien bis China).Bei geeignetem Standort und richtiger Pflanzung sind tiefe Temperaturen unter dem Gefrierpunkt kein Problem. Hilfreich ist auch ein Winterschutz. &nbsp;Standort &nbsp;Die Pflanzen [&hellip;]<\/p>\n","protected":false},"author":1,"featured_media":0,"parent":11,"menu_order":0,"comment_status":"closed","ping_status":"closed","template":"","meta":[],"_links":{"self":[{"href":"https:\/\/cypripedium.at\/index.php?rest_route=\/wp\/v2\/pages\/36"}],"collection":[{"href":"https:\/\/cypripedium.at\/index.php?rest_route=\/wp\/v2\/pages"}],"about":[{"href":"https:\/\/cypripedium.at\/index.php?rest_route=\/wp\/v2\/types\/page"}],"author":[{"embeddable":true,"href":"https:\/\/cypripedium.at\/index.php?rest_route=\/wp\/v2\/users\/1"}],"replies":[{"embeddable":true,"href":"https:\/\/cypripedium.at\/index.php?rest_route=%2Fwp%2Fv2%2Fcomments&post=36"}],"version-history":[{"count":3,"href":"https:\/\/cypripedium.at\/index.php?rest_route=\/wp\/v2\/pages\/36\/revisions"}],"predecessor-version":[{"id":62,"href":"https:\/\/cypripedium.at\/index.php?rest_route=\/wp\/v2\/pages\/36\/revisions\/62"}],"up":[{"embeddable":true,"href":"https:\/\/cypripedium.at\/index.php?rest_route=\/wp\/v2\/pages\/11"}],"wp:attachment":[{"href":"https:\/\/cypripedium.at\/index.php?rest_route=%2Fwp%2Fv2%2Fmedia&parent=36"}],"curies":[{"name":"wp","href":"https:\/\/api.w.org\/{rel}","templated":true}]}}