{"id":21087,"date":"2019-12-01T09:17:44","date_gmt":"2019-12-01T09:17:44","guid":{"rendered":"https:\/\/cypripedium.at\/?page_id=21087"},"modified":"2019-12-01T09:18:36","modified_gmt":"2019-12-01T09:18:36","slug":"qualitatsmerkmale","status":"publish","type":"page","link":"https:\/\/cypripedium.at\/?page_id=21087","title":{"rendered":"Qualit\u00e4tsmerkmale"},"content":{"rendered":"\n<h2 class=\"has-text-align-center\"><strong>Diese Fotodokumentation soll Ihnen helfen die Qualit\u00e4t zu beurteilen<\/strong><\/h2>\n\n\n\n<hr class=\"wp-block-separator\"\/>\n\n\n\n<h4><em><strong>Cypripedium<\/strong><\/em><strong><em>&#8211;&nbsp;<\/em>S\u00e4mlinge<\/strong><\/h4>\n\n\n\n<figure class=\"wp-block-image size-large\"><img decoding=\"async\" loading=\"lazy\" width=\"747\" height=\"561\" src=\"https:\/\/cypripedium.at\/wp-content\/uploads\/2019\/12\/Saemlinge-Erklaerung.jpg\" alt=\"\" class=\"wp-image-21088\" srcset=\"https:\/\/cypripedium.at\/wp-content\/uploads\/2019\/12\/Saemlinge-Erklaerung.jpg 747w, https:\/\/cypripedium.at\/wp-content\/uploads\/2019\/12\/Saemlinge-Erklaerung-600x451.jpg 600w, https:\/\/cypripedium.at\/wp-content\/uploads\/2019\/12\/Saemlinge-Erklaerung-300x225.jpg 300w\" sizes=\"(max-width: 747px) 100vw, 747px\" \/><\/figure>\n\n\n\n<p>Im Bild sind S\u00e4mlinge von guter Qualit\u00e4t zu sehen.Leider ist es noch nicht m\u00f6glich alle&nbsp;<em>Cypripedium<\/em>-Arten in dieser Qualit\u00e4t zu ziehen.So w\u00e4re z.B.<em>&nbsp;Cypripedium farrerii<\/em>&nbsp;zu erw\u00e4hnen, bei dem S\u00e4mlinge niemals diese Gr\u00f6sse erreichen. Die Ergebnisse variieren auch zwischen den Aussaaten.Den Vorsprung, den man durch gute S\u00e4mlinge erzielt, l\u00e4sst sich mit bester Kultur nicht aufholen ! Beim Kauf von&nbsp;<em>Cypripedium<\/em>&#8211; Flaschenware sollten Sie bei den S\u00e4mlingen daher auf die Wurzell\u00e4nge achten.Zwei Wurzeln sollten mindestens 5cm L\u00e4nge erreichen,auch auf gesunde Wurzelspitzen ist zu achten.Notwendig ist, dass der S\u00e4mling \u00fcber eine gut ausgebildete Spro\u00dfspitze verf\u00fcgt.Schw\u00e4rzungen an Wurzeln sind Phenolausscheidungen, die auf Stre\u00df w\u00e4hrend des Wachstums hinweisen. Verursacht kann dies durch eine falsche N\u00e4hrmedien- Zusammensetzung, falsche Temperatur, oder andere Faktoren, werden.<br>Leider ist die symbiotische Anzucht der Gattung&nbsp;<em>Cypripedium<\/em>&nbsp;noch nicht m\u00f6glich.<\/p>\n\n\n\n<hr class=\"wp-block-separator\"\/>\n\n\n\n<h4><strong><em>Dactylorhiza<\/em>-S\u00e4mlinge<\/strong><\/h4>\n\n\n\n<figure class=\"wp-block-image size-large\"><img decoding=\"async\" loading=\"lazy\" width=\"832\" height=\"628\" src=\"https:\/\/cypripedium.at\/wp-content\/uploads\/2019\/12\/Dact.-alpestris-Keuschnig.jpg\" alt=\"\" class=\"wp-image-21089\" srcset=\"https:\/\/cypripedium.at\/wp-content\/uploads\/2019\/12\/Dact.-alpestris-Keuschnig.jpg 832w, https:\/\/cypripedium.at\/wp-content\/uploads\/2019\/12\/Dact.-alpestris-Keuschnig-600x453.jpg 600w, https:\/\/cypripedium.at\/wp-content\/uploads\/2019\/12\/Dact.-alpestris-Keuschnig-300x226.jpg 300w, https:\/\/cypripedium.at\/wp-content\/uploads\/2019\/12\/Dact.-alpestris-Keuschnig-768x580.jpg 768w\" sizes=\"(max-width: 832px) 100vw, 832px\" \/><\/figure>\n\n\n\n<p>Das Bild zeigt gut differenzierte S\u00e4mlinge von&nbsp;<em>Dactylorhiza<\/em>.Die S\u00e4mlinge besitzen bereits eine kleine R\u00fcbenknolle.Nicht alle Arten bilden bereits eine R\u00fcbenknolle w\u00e4hrend der Entwicklungszeit auf N\u00e4hrmedium aus, dies kann aber durch eine eingeschobene K\u00fchlphase induziert werden.Zu achten ist auf eine gute, gesunde&nbsp;Wurzelmasse.Eine kompakte, geschlossene Spro\u00dfspitze erleichtert das Pikieren.Die Gr\u00f6\u00dfe der S\u00e4mlinge variiert &nbsp;nach der Art, so sind S\u00e4mlinge von niedrigw\u00fcchsigen Arten wie&nbsp;<em>Dact. traunsteinerioides<\/em>,&nbsp;<em>Dact. coccinea<\/em>&nbsp;sehr klein.Bei&nbsp;<em>Dact. majalis<\/em>&nbsp;und seinen Hybriden k\u00f6nnen auf N\u00e4hrmedien mit l\u00e4ngerer Kulturzeit enorme Knollengr\u00f6\u00dfen erreicht werden.Solche S\u00e4mlinge bl\u00fchen nicht selten im ersten Jahr nach dem Pikieren.Da die Gattung leicht zu vermehren ist, sind S\u00e4mlinge meist von guter Qualit\u00e4t.Zu achten ist auf eine gute K\u00fchlphase (mind. 2 Monate bei 3-5\u00b0C), damit die S\u00e4mlinge gut austreiben k\u00f6nnen.Symbiotisch gezogene S\u00e4mlinge besitzen nicht diese Wurzelmasse, die Kulturzeit bis zur bl\u00fchenden &nbsp;Pflanze sind etwa identisch.<\/p>\n\n\n\n<hr class=\"wp-block-separator\"\/>\n\n\n\n<h4><strong>S\u00e4mlinge von Knollen-tragenden Gattungen&nbsp;<\/strong><em><strong>(Orchis,&nbsp;<\/strong><\/em><strong>etc.)<\/strong><\/h4>\n\n\n\n<figure class=\"wp-block-image size-large\"><img decoding=\"async\" loading=\"lazy\" width=\"896\" height=\"598\" src=\"https:\/\/cypripedium.at\/wp-content\/uploads\/2019\/12\/Serapias-Saemlinge.jpg\" alt=\"\" class=\"wp-image-21090\" srcset=\"https:\/\/cypripedium.at\/wp-content\/uploads\/2019\/12\/Serapias-Saemlinge.jpg 896w, https:\/\/cypripedium.at\/wp-content\/uploads\/2019\/12\/Serapias-Saemlinge-600x400.jpg 600w, https:\/\/cypripedium.at\/wp-content\/uploads\/2019\/12\/Serapias-Saemlinge-300x200.jpg 300w, https:\/\/cypripedium.at\/wp-content\/uploads\/2019\/12\/Serapias-Saemlinge-768x513.jpg 768w\" sizes=\"(max-width: 896px) 100vw, 896px\" \/><\/figure>\n\n\n\n<p>Bereits kleine Knollen sind an den S\u00e4mlingen ausgebildet.Beim Pikieren wird die Knolle abgetrennt und nur diese in Substrat gepflanzt.Die gr\u00fcnen Bl\u00e4tter w\u00fcrden sofort verk\u00fcmmern.Dies w\u00fcrde nur den N\u00e4hrboden f\u00fcr Mikroorganismen, Pilze etc. darstellen, die auch die S\u00e4mlinge attackieren w\u00fcrden.Der beste Zeitpunkt f\u00fcr das Pikieren von diesen S\u00e4mlingen ist der Herbst, wenn die Knollen induziert durch die k\u00fchlen N\u00e4chte mit dem Neuaustrieb beginnen.Die Knollen solten eine Mindestgr\u00f6\u00dfe von 0,5cm nicht unerschreiten.Symbiotisch gezogene S\u00e4mlinge erreichen in der&nbsp;<em>invitro<\/em>-Kultur nicht diese Gr\u00f6\u00dfe.Diese werden mit 2 gut entwickelten Bl\u00e4ttern und einem Stolon, an dem die neue Knolle gebildet wird, pikiert. Durch den Symbionten besitzen diese bereits eine gute Immunabwehr.In den ersten Wochen ist eine erh\u00f6hte Luftfeuchtigkeit erforderlich.<\/p>\n","protected":false},"excerpt":{"rendered":"<p>Diese Fotodokumentation soll Ihnen helfen die Qualit\u00e4t zu beurteilen Cypripedium&#8211;&nbsp;S\u00e4mlinge Im Bild sind S\u00e4mlinge von guter Qualit\u00e4t zu sehen.Leider ist es noch nicht m\u00f6glich alle&nbsp;Cypripedium-Arten in dieser Qualit\u00e4t zu ziehen.So w\u00e4re z.B.&nbsp;Cypripedium farrerii&nbsp;zu erw\u00e4hnen, bei dem S\u00e4mlinge niemals diese Gr\u00f6sse erreichen. Die Ergebnisse variieren auch zwischen den Aussaaten.Den Vorsprung, den man durch gute S\u00e4mlinge erzielt, [&hellip;]<\/p>\n","protected":false},"author":1,"featured_media":0,"parent":21043,"menu_order":3,"comment_status":"closed","ping_status":"closed","template":"","meta":[],"_links":{"self":[{"href":"https:\/\/cypripedium.at\/index.php?rest_route=\/wp\/v2\/pages\/21087"}],"collection":[{"href":"https:\/\/cypripedium.at\/index.php?rest_route=\/wp\/v2\/pages"}],"about":[{"href":"https:\/\/cypripedium.at\/index.php?rest_route=\/wp\/v2\/types\/page"}],"author":[{"embeddable":true,"href":"https:\/\/cypripedium.at\/index.php?rest_route=\/wp\/v2\/users\/1"}],"replies":[{"embeddable":true,"href":"https:\/\/cypripedium.at\/index.php?rest_route=%2Fwp%2Fv2%2Fcomments&post=21087"}],"version-history":[{"count":3,"href":"https:\/\/cypripedium.at\/index.php?rest_route=\/wp\/v2\/pages\/21087\/revisions"}],"predecessor-version":[{"id":21093,"href":"https:\/\/cypripedium.at\/index.php?rest_route=\/wp\/v2\/pages\/21087\/revisions\/21093"}],"up":[{"embeddable":true,"href":"https:\/\/cypripedium.at\/index.php?rest_route=\/wp\/v2\/pages\/21043"}],"wp:attachment":[{"href":"https:\/\/cypripedium.at\/index.php?rest_route=%2Fwp%2Fv2%2Fmedia&parent=21087"}],"curies":[{"name":"wp","href":"https:\/\/api.w.org\/{rel}","templated":true}]}}