{"id":21057,"date":"2019-11-30T10:23:19","date_gmt":"2019-11-30T10:23:19","guid":{"rendered":"https:\/\/cypripedium.at\/?page_id=21057"},"modified":"2019-11-30T10:23:50","modified_gmt":"2019-11-30T10:23:50","slug":"leistungskatalog","status":"publish","type":"page","link":"https:\/\/cypripedium.at\/?page_id=21057","title":{"rendered":"Leistungskatalog"},"content":{"rendered":"\n<h2 class=\"has-text-align-center\"><strong>An dieser Stelle finden Sie Angaben unseres Leistungsspektrums<\/strong><\/h2>\n\n\n\n<hr class=\"wp-block-separator\"\/>\n\n\n\n<div class=\"wp-block-media-text alignwide\"><figure class=\"wp-block-media-text__media\"><img decoding=\"async\" loading=\"lazy\" width=\"546\" height=\"505\" src=\"https:\/\/cypripedium.at\/wp-content\/uploads\/2019\/11\/Cypr.-calc.jpg\" alt=\"\" class=\"wp-image-21058\" srcset=\"https:\/\/cypripedium.at\/wp-content\/uploads\/2019\/11\/Cypr.-calc.jpg 546w, https:\/\/cypripedium.at\/wp-content\/uploads\/2019\/11\/Cypr.-calc-300x277.jpg 300w\" sizes=\"(max-width: 546px) 100vw, 546px\" \/><\/figure><div class=\"wp-block-media-text__content\">\n<p>Folgende Leistungen werden durch das Labor angeboten:<\/p>\n\n\n\n<p>Sterile Vermehrung von Erdorchideen:<br>Aussaat &nbsp;auf symbiotischen \/ asymbiotischen N\u00e4hrmedien<\/p>\n\n\n\n<p>Embryokultur von Iris-Arten:<br>Forced Germination<br>sterile Embryokultur auf N\u00e4hrmedium<\/p>\n\n\n\n<p>Twin Scaling bei Blumenzwiebeln:<br>z.B. Galanthus-Klonvermehrung<\/p>\n\n\n\n<p>Trockenn\u00e4hrmedien<br>(g\u00fcnstige Medien zuhause selbst herstellen)<\/p>\n<\/div><\/div>\n\n\n\n<div class=\"wp-block-media-text alignwide\"><figure class=\"wp-block-media-text__media\"><img decoding=\"async\" loading=\"lazy\" width=\"1024\" height=\"768\" src=\"https:\/\/cypripedium.at\/wp-content\/uploads\/2019\/11\/DSC00040-1024x768.jpg\" alt=\"\" class=\"wp-image-21059\" srcset=\"https:\/\/cypripedium.at\/wp-content\/uploads\/2019\/11\/DSC00040-1024x768.jpg 1024w, https:\/\/cypripedium.at\/wp-content\/uploads\/2019\/11\/DSC00040-600x450.jpg 600w, https:\/\/cypripedium.at\/wp-content\/uploads\/2019\/11\/DSC00040-300x225.jpg 300w, https:\/\/cypripedium.at\/wp-content\/uploads\/2019\/11\/DSC00040-768x576.jpg 768w, https:\/\/cypripedium.at\/wp-content\/uploads\/2019\/11\/DSC00040-800x600.jpg 800w, https:\/\/cypripedium.at\/wp-content\/uploads\/2019\/11\/DSC00040.jpg 1280w\" sizes=\"(max-width: 1024px) 100vw, 1024px\" \/><\/figure><div class=\"wp-block-media-text__content\">\n<p><\/p>\n\n\n\n<p>Flaschenware (Erdorchideen):<br>In unserem Katalog finden Sie das aktuelle Angebot<\/p>\n\n\n\n<p>etablierte S\u00e4mlinge(Erdorchideen):<br>&nbsp;In unserem Katalog finden Sie das aktuelle Angebot<\/p>\n\n\n\n<p>bl\u00fchf\u00e4ige Erdorchideen:<br>In unserem Katalog finden Sie das aktuelle Angebot<\/p>\n\n\n\n<p>winterharte Insektivoren:<br>&nbsp;In unserem Katalog finden Sie das aktuelle Angebot<\/p>\n<\/div><\/div>\n\n\n\n<div class=\"wp-block-media-text alignwide\"><figure class=\"wp-block-media-text__media\"><img decoding=\"async\" loading=\"lazy\" width=\"473\" height=\"422\" src=\"https:\/\/cypripedium.at\/wp-content\/uploads\/2019\/11\/Juno-ex-vitro.jpg\" alt=\"\" class=\"wp-image-21060\" srcset=\"https:\/\/cypripedium.at\/wp-content\/uploads\/2019\/11\/Juno-ex-vitro.jpg 473w, https:\/\/cypripedium.at\/wp-content\/uploads\/2019\/11\/Juno-ex-vitro-300x268.jpg 300w\" sizes=\"(max-width: 473px) 100vw, 473px\" \/><\/figure><div class=\"wp-block-media-text__content\">\n<p>winterharte Stauden:<br>In unserem Katalog finden Sie das aktuelle Angebot<\/p>\n\n\n\n<p>weiters:<\/p>\n\n\n\n<p>Fachvortr\u00e4ge:<br>Vortr\u00e4ge \u00fcber Zucht, Kultur-Gartenkultur, insbesondere von Gartenorchideen, Reiseberichte, etc.<\/p>\n\n\n\n<p>Beratung:<br>F\u00fcr Interessierte, die Erdorchideen kultivieren, und eine&nbsp;Gartenanlagen anlegen m\u00f6chten<\/p>\n<\/div><\/div>\n","protected":false},"excerpt":{"rendered":"<p>An dieser Stelle finden Sie Angaben unseres Leistungsspektrums Folgende Leistungen werden durch das Labor angeboten: Sterile Vermehrung von Erdorchideen:Aussaat &nbsp;auf symbiotischen \/ asymbiotischen N\u00e4hrmedien Embryokultur von Iris-Arten:Forced Germinationsterile Embryokultur auf N\u00e4hrmedium Twin Scaling bei Blumenzwiebeln:z.B. Galanthus-Klonvermehrung Trockenn\u00e4hrmedien(g\u00fcnstige Medien zuhause selbst herstellen) Flaschenware (Erdorchideen):In unserem Katalog finden Sie das aktuelle Angebot etablierte S\u00e4mlinge(Erdorchideen):&nbsp;In unserem Katalog finden [&hellip;]<\/p>\n","protected":false},"author":1,"featured_media":0,"parent":21043,"menu_order":1,"comment_status":"closed","ping_status":"closed","template":"","meta":[],"_links":{"self":[{"href":"https:\/\/cypripedium.at\/index.php?rest_route=\/wp\/v2\/pages\/21057"}],"collection":[{"href":"https:\/\/cypripedium.at\/index.php?rest_route=\/wp\/v2\/pages"}],"about":[{"href":"https:\/\/cypripedium.at\/index.php?rest_route=\/wp\/v2\/types\/page"}],"author":[{"embeddable":true,"href":"https:\/\/cypripedium.at\/index.php?rest_route=\/wp\/v2\/users\/1"}],"replies":[{"embeddable":true,"href":"https:\/\/cypripedium.at\/index.php?rest_route=%2Fwp%2Fv2%2Fcomments&post=21057"}],"version-history":[{"count":5,"href":"https:\/\/cypripedium.at\/index.php?rest_route=\/wp\/v2\/pages\/21057\/revisions"}],"predecessor-version":[{"id":21066,"href":"https:\/\/cypripedium.at\/index.php?rest_route=\/wp\/v2\/pages\/21057\/revisions\/21066"}],"up":[{"embeddable":true,"href":"https:\/\/cypripedium.at\/index.php?rest_route=\/wp\/v2\/pages\/21043"}],"wp:attachment":[{"href":"https:\/\/cypripedium.at\/index.php?rest_route=%2Fwp%2Fv2%2Fmedia&parent=21057"}],"curies":[{"name":"wp","href":"https:\/\/api.w.org\/{rel}","templated":true}]}}