{"id":21055,"date":"2019-11-30T10:16:18","date_gmt":"2019-11-30T10:16:18","guid":{"rendered":"https:\/\/cypripedium.at\/?page_id=21055"},"modified":"2020-01-13T18:11:33","modified_gmt":"2020-01-13T18:11:33","slug":"geschichte","status":"publish","type":"page","link":"https:\/\/cypripedium.at\/?page_id=21055","title":{"rendered":"Geschichte"},"content":{"rendered":"\n<h2>Geschichte des Betriebes<\/h2>\n\n\n\n<hr class=\"wp-block-separator\"\/>\n\n\n\n<p><strong>Der Betrieb wurde 2002 durch Gerhard Raschun jun., Chemielabortechniker, gegr\u00fcndet. Die Vision des Labors ist die Zuchtarbeit und die Erhaltung von seltenen Natursorten!<\/strong><\/p>\n\n\n\n<p>1991 &nbsp;&nbsp;Beginn mit&nbsp;<em>in vitro&nbsp;<\/em>Anzuchtversuchen von tropischen Orchideen<br>1993 &nbsp;&nbsp;Sortimentwechsel zu&nbsp;<em>in vitro<\/em>&nbsp;Anzuchtversuchen mit tropischen Frauenschuh-Arten (<em>Paphiopedilum, Phragmipedium<\/em>)<br>1995 &nbsp;&nbsp;Sortimentswechsel zu&nbsp;<em>in vitro<\/em>&nbsp;Anzuchtversuche mit Erdorchideen des gem\u00e4ssigten Klimats<br>1996 &nbsp;&nbsp;Beginn von symbiotischer&nbsp;<em>in vitro<\/em>&nbsp;Anzuchtversuchen der Gattungen&nbsp;<em>Dactylorhiza<\/em>&nbsp;und&nbsp;<em>Spiranthes<\/em><br>1997 &nbsp;&nbsp;Bau des Anlehn-Gew\u00e4chshauses<br>1997 &nbsp;&nbsp;Beginn von symbiotischer&nbsp;<em>in vitro<\/em>&nbsp;Anzuchtversuche der Gattungen&nbsp;<em>Orchis, Ophrys<\/em>&nbsp;und&nbsp;<em>Platanthera<\/em><br>1998 &nbsp;&nbsp;Die Kreuzungsm\u00f6glichkeit von&nbsp;<em>Dactylorhiza x Platanthera<\/em>&nbsp;wird bewiesen, Fotobelege publiziert<br>1998 &nbsp;&nbsp;Anzuchtversuche mit australischen Erdorchideen (<em>&nbsp;Pterostylis, Thelymitra, Caladenia, Monadenia, Corybas<\/em>&nbsp;etc.), s\u00fcdamerikanischen Erdorchideen (<em>Chloraea, Gavilea, Codonorchis, Habenaria<\/em>&nbsp;etc.) , s\u00fcdafrikanischen Erdorchideen (<em>Bonatea, Habenaria, Disa, Bartholinae<\/em>&nbsp;etc.)<br>1998 &nbsp;&nbsp;Publikation \u00fcber die symbiotischen Zuchterfolge der Gattung&nbsp;<em>Orchis<\/em><br>1999 &nbsp;&nbsp;Erstbl\u00fcte einer in vitro gezogenen&nbsp;<em>Bartholinae ethiliae<\/em><br>1999 &nbsp;&nbsp;<em>Gastrodia spec.<\/em>&nbsp;, ein Saprophyt kommt in Kultur zur Bl\u00fcte<br>1999 &nbsp;&nbsp;Publikation: Die Anzucht der Gattung&nbsp;<em>Chloraea&nbsp;<\/em>LINDL.1827,<em>Gavilea&nbsp;<\/em>POEPP.1833 und&nbsp;<em>Megastylis<\/em>&nbsp;SCHLTR.1914.Die Orchidee 50(6)<br>2000 &nbsp;&nbsp;Kreuzungsversuche von di- mit tetraploiden&nbsp;<em>Nigritella<\/em>-Arten, symbiotische\/asymbiotische Anzuchtversuche<br>2000 &nbsp;&nbsp;Erstbl\u00fcten bei intergenerischen Hybriden:&nbsp;<em>Dactylorhiza x Gymnadenia, Dactylorhiza x Ceologlossum<br><\/em>2001 &nbsp;&nbsp;Start eines Projektes zur Rettung und Wiederansiedlung der Sommer-Dreh\u00e4hre,&nbsp;<em>Spiranthes aestivalis<\/em><br>2001 &nbsp;&nbsp;Erstbl\u00fcten bei intergenerischen Hybriden:&nbsp;<em>Orchis x Serapias, Serapias lingua x Anacamptis pyramidalis, Serapias olbia x Anacamptis pyramidalis<\/em><br>2001 &nbsp;&nbsp;Erstbl\u00fcte von aus Samen gezogenen&nbsp;<em>Gavilea lutea<\/em>, Fotobelege werden publiziert<br><strong>2002 &nbsp;&nbsp;Start und Registrierung des Betriebes &#8222;<\/strong><em><strong>In vitro&nbsp;<\/strong><\/em><strong>Orchids Raschun&#8220;<\/strong><br>2002 &nbsp;&nbsp;Projektstart zur Wiederbesiedelung eines verloschenen&nbsp;<em>Liparis loeselii<\/em>-Standortes, schliesslich keine Genehmigung f\u00fcr die Auspflanzung der 1000 S\u00e4mlinge<br>2002 &nbsp;&nbsp;Wegen Platzmangel Bau des 2.ten Gew\u00e4chshauses<br>2003 &nbsp;&nbsp;Neuausstattung im Labor<br>2004 &nbsp;&nbsp;<em>Cypripedium reginae x acaule<\/em>=&#8220;Prof. Karl Robatsch&#8220; wird bei der RHS registriert<br>2004 &nbsp;&nbsp;<em>Cypripedium<\/em>&nbsp;Gisela x&nbsp;<em>calceolus<\/em>=&#8220;Lisbeth&#8220;, S\u00e4mlinge aus unserem Labor, wird bei der RHS registriert<br>2005 &nbsp;&nbsp;Einladung zum 1. Int. Orchideensymbosium Luzern\/Schweiz<br>2005 &nbsp;&nbsp;Auf der 1.Int. Orchideenausstellung Luzern erbl\u00fcht&nbsp;<em>Cypripedium pubescens x corrugatum<\/em>=&#8220;Roland&#8220;, und wird bei der RHS registriert<br>2006 &nbsp;&nbsp;<em>Cypripedium macranthos x cordigerum<\/em>=&#8220;Birgit&#8220; wird bei der RHS registriert<br>2006 &nbsp;&nbsp;<em>Cypripedium reginae x calceolus<\/em>=&#8220;G\u00fcnter&#8220; wird bei der RHS registriert<br>2007 &nbsp;&nbsp;Sortimentswechsel zu&nbsp;<em>Iris, Allium, Galanthus<\/em>&nbsp;und&nbsp;<em>Corydalis<\/em><br>2007 &nbsp;&nbsp;Erfolge bei Twin Scaling mit&nbsp;<em>Galanthus<\/em>-Selektionen<br>2007 &nbsp;&nbsp;<em>Cypripedium pubescens x farrerii<\/em>=&#8220;Otmar Riegler&#8220;, S\u00e4mlinge aus unserem Labor, wird bei der RHS registriert<br>2007 &nbsp;&nbsp;Nach ca. 20j\u00e4hriger Kultur erbl\u00fcht&nbsp;<em>Goodyera macrophylla<\/em>&nbsp;zum ersten mal !<br>2007 &nbsp;&nbsp;<em><a href=\"http:\/\/www.cypripedium.at\/Fotoalbum%20Cyps\/Cypr%20Bernie.JPG\">Cypripedium reginae x fargesii&nbsp;<\/a><\/em><a href=\"http:\/\/www.cypripedium.at\/Fotoalbum%20Cyps\/Cypr%20Bernie.JPG\">=&#8220; Bernie&#8220;<\/a>&nbsp;wird bei der RHS registriert&nbsp;<br>2007 &nbsp;&nbsp;Bau einer Schattenhalle, Gartenanlage wird zur Schau-Anlage ausgebaut<br>2007 &nbsp;&nbsp;Publikation des Fotobeleges &nbsp;einer bl\u00fchenden&nbsp;<em>Serapias lingua x Ophrys<\/em><br>2008 &nbsp;&nbsp;Erfolge bei der Embryokultur mit&nbsp;<em>oncocyclus<\/em>-Iris<br>2008 &nbsp;&nbsp;<em>Dactylorhiza coccinea x foliosa<\/em>&nbsp;bl\u00fchen im ersten Jahr in Erde, es werden Fotobelege publiziert<br>2009 &nbsp;&nbsp;Start der Webseite&nbsp;<br>2009 &nbsp;&nbsp;<em><a href=\"http:\/\/www.cypripedium.at\/product_4.html\">Cypripedium arietinum<\/a><\/em>&nbsp;S\u00e4mlinge in der 2ten Vegetationperiode kommen zur Bl\u00fcte<br>2010 &nbsp;&nbsp;Angebotsliste von Erdorchideen geht erstmals Online<br>2010 &nbsp;&nbsp;<em>Dactylorhiza foliosa x elata<\/em>&nbsp;erbl\u00fchen, hyperchromate Pflanzen werden selekiert<br>2010 &nbsp;&nbsp;<em><a href=\"http:\/\/www.cypripedium.at\/product_23.html\">Cypripedium parviflorum x fargesii<\/a><\/em><a href=\"http:\/\/www.cypripedium.at\/product_23.html\">=&#8220;Manfred&#8220;<\/a>&nbsp;wird bei der RHS registriert<br>2010 &nbsp;&nbsp;Die botanische&nbsp;<em>Iris<\/em>-Sammlung wurde wesentlich vergr\u00f6ssert, die&nbsp;<em><a href=\"http:\/\/www.cypripedium.at\/news_3.html\">Iris<\/a><\/em><a href=\"http:\/\/www.cypripedium.at\/news_3.html\">-Galerie<\/a>&nbsp;wird dementsprechend aktualisiert<br>2011 &nbsp;&nbsp;Viele botanische Iris-Arten werden in der&nbsp;<em><a href=\"http:\/\/www.cypripedium.at\/news_3.html\">Iris<\/a><\/em><a href=\"http:\/\/www.cypripedium.at\/news_3.html\">-Galerie<\/a>&nbsp;vorgestellt, Neuzug\u00e4nge und Erstbl\u00fcher aus eigener Anzucht<br>2011 &nbsp;&nbsp;Die Sammlung wurde mit zahlreichen japanischen Leberbl\u00fcmchen erweitert, viele werden in der&nbsp;<a href=\"http:\/\/www.cypripedium.at\/news_14.html\">Ranunculaceae-Galerie&nbsp;<\/a>vorgestellt<br>2011 &nbsp;&nbsp;Nachzuchten von&nbsp;<em>Dactylorhiza nieschalkiorum<\/em>&nbsp;erbl\u00fchen<br>2011 &nbsp;&nbsp;Nachzuchten von&nbsp;<em>Dactylorhiza ochroleuca<\/em>&nbsp;x&nbsp;<em>Dactylorhiza iberica<\/em>&nbsp;kommen zur Bl\u00fcte, das Ergebnis wird diskutiert<\/p>\n","protected":false},"excerpt":{"rendered":"<p>Geschichte des Betriebes Der Betrieb wurde 2002 durch Gerhard Raschun jun., Chemielabortechniker, gegr\u00fcndet. Die Vision des Labors ist die Zuchtarbeit und die Erhaltung von seltenen Natursorten! 1991 &nbsp;&nbsp;Beginn mit&nbsp;in vitro&nbsp;Anzuchtversuchen von tropischen Orchideen1993 &nbsp;&nbsp;Sortimentwechsel zu&nbsp;in vitro&nbsp;Anzuchtversuchen mit tropischen Frauenschuh-Arten (Paphiopedilum, Phragmipedium)1995 &nbsp;&nbsp;Sortimentswechsel zu&nbsp;in vitro&nbsp;Anzuchtversuche mit Erdorchideen des gem\u00e4ssigten Klimats1996 &nbsp;&nbsp;Beginn von symbiotischer&nbsp;in vitro&nbsp;Anzuchtversuchen der Gattungen&nbsp;Dactylorhiza&nbsp;und&nbsp;Spiranthes1997 [&hellip;]<\/p>\n","protected":false},"author":1,"featured_media":0,"parent":21043,"menu_order":0,"comment_status":"closed","ping_status":"closed","template":"","meta":[],"_links":{"self":[{"href":"https:\/\/cypripedium.at\/index.php?rest_route=\/wp\/v2\/pages\/21055"}],"collection":[{"href":"https:\/\/cypripedium.at\/index.php?rest_route=\/wp\/v2\/pages"}],"about":[{"href":"https:\/\/cypripedium.at\/index.php?rest_route=\/wp\/v2\/types\/page"}],"author":[{"embeddable":true,"href":"https:\/\/cypripedium.at\/index.php?rest_route=\/wp\/v2\/users\/1"}],"replies":[{"embeddable":true,"href":"https:\/\/cypripedium.at\/index.php?rest_route=%2Fwp%2Fv2%2Fcomments&post=21055"}],"version-history":[{"count":1,"href":"https:\/\/cypripedium.at\/index.php?rest_route=\/wp\/v2\/pages\/21055\/revisions"}],"predecessor-version":[{"id":21056,"href":"https:\/\/cypripedium.at\/index.php?rest_route=\/wp\/v2\/pages\/21055\/revisions\/21056"}],"up":[{"embeddable":true,"href":"https:\/\/cypripedium.at\/index.php?rest_route=\/wp\/v2\/pages\/21043"}],"wp:attachment":[{"href":"https:\/\/cypripedium.at\/index.php?rest_route=%2Fwp%2Fv2%2Fmedia&parent=21055"}],"curies":[{"name":"wp","href":"https:\/\/api.w.org\/{rel}","templated":true}]}}