{"id":21043,"date":"2019-11-30T10:14:20","date_gmt":"2019-11-30T10:14:20","guid":{"rendered":"https:\/\/cypripedium.at\/?page_id=21043"},"modified":"2019-12-22T11:37:48","modified_gmt":"2019-12-22T11:37:48","slug":"unsere-arbeit","status":"publish","type":"page","link":"https:\/\/cypripedium.at\/?page_id=21043","title":{"rendered":"Unsere Arbeit"},"content":{"rendered":"\n<h2 class=\"has-text-align-center\"><strong>Anhand eines Beispieles wird hier unsere Zuchtarbeit vorgestellt<\/strong><\/h2>\n\n\n\n<hr class=\"wp-block-separator\"\/>\n\n\n\n<p>Im Kundenauftrag wurden Pflanzen (<em>Cypripedium<\/em>&nbsp;im Kundenbestand) selektiert, welche durch Bl\u00fctengr\u00f6sse bzw. -f\u00e4rbung , und gutes Wachstum f\u00fcr die Zucht als besonders geeignet einzustufen waren.<\/p>\n\n\n\n<p style=\"font-size:1px\">.<\/p>\n\n\n\n<figure class=\"is-layout-flex wp-block-gallery-1 wp-block-gallery columns-2 is-cropped\"><ul class=\"blocks-gallery-grid\"><li class=\"blocks-gallery-item\"><figure><img decoding=\"async\" loading=\"lazy\" width=\"896\" height=\"672\" src=\"https:\/\/cypripedium.at\/wp-content\/uploads\/2019\/11\/hotei-selektion-2-2.jpg\" alt=\"\" data-id=\"21048\" data-link=\"https:\/\/cypripedium.at\/?attachment_id=21048\" class=\"wp-image-21048\" srcset=\"https:\/\/cypripedium.at\/wp-content\/uploads\/2019\/11\/hotei-selektion-2-2.jpg 896w, https:\/\/cypripedium.at\/wp-content\/uploads\/2019\/11\/hotei-selektion-2-2-600x450.jpg 600w, https:\/\/cypripedium.at\/wp-content\/uploads\/2019\/11\/hotei-selektion-2-2-300x225.jpg 300w, https:\/\/cypripedium.at\/wp-content\/uploads\/2019\/11\/hotei-selektion-2-2-768x576.jpg 768w, https:\/\/cypripedium.at\/wp-content\/uploads\/2019\/11\/hotei-selektion-2-2-800x600.jpg 800w\" sizes=\"(max-width: 896px) 100vw, 896px\" \/><\/figure><\/li><li class=\"blocks-gallery-item\"><figure><img decoding=\"async\" loading=\"lazy\" width=\"820\" height=\"615\" src=\"https:\/\/cypripedium.at\/wp-content\/uploads\/2019\/11\/hotei-Selektion-2.jpg\" alt=\"\" data-id=\"21049\" data-full-url=\"https:\/\/cypripedium.at\/wp-content\/uploads\/2019\/11\/hotei-Selektion-2.jpg\" data-link=\"https:\/\/cypripedium.at\/?attachment_id=21049\" class=\"wp-image-21049\" srcset=\"https:\/\/cypripedium.at\/wp-content\/uploads\/2019\/11\/hotei-Selektion-2.jpg 820w, https:\/\/cypripedium.at\/wp-content\/uploads\/2019\/11\/hotei-Selektion-2-600x450.jpg 600w, https:\/\/cypripedium.at\/wp-content\/uploads\/2019\/11\/hotei-Selektion-2-300x225.jpg 300w, https:\/\/cypripedium.at\/wp-content\/uploads\/2019\/11\/hotei-Selektion-2-768x576.jpg 768w, https:\/\/cypripedium.at\/wp-content\/uploads\/2019\/11\/hotei-Selektion-2-800x600.jpg 800w\" sizes=\"(max-width: 820px) 100vw, 820px\" \/><\/figure><\/li><\/ul><\/figure>\n\n\n\n<p>Nach der Handbest\u00e4ubung dieser Klone wurden die Samen nach der &#8222;Green pod&#8220;-Methode im Labor steril auf N\u00e4hrmedium ges\u00e4t.Nach einem Jahr konnten S\u00e4mlinge den Beh\u00e4ltnissen entnommen werden, die hinsichtlich Gr\u00f6sse, Wurzelanzahl eine bisher kaum erreichte Qualit\u00e4t aufwiesen. Nach dem Absp\u00fclen der N\u00e4hrmedium-Reste wurden die S\u00e4mlinge in Substrat (hoher mineralischer Anteil durch Perlit) \u00fcberf\u00fchrt. Die folgende Abbildung zeigt die S\u00e4mlinge nach der Entnahme aus dem sterilen Beh\u00e4ltnis bzw.&nbsp;im ersten Austrieb in Substrat:<\/p>\n\n\n\n<p style=\"font-size:1px\">.<\/p>\n\n\n\n<figure class=\"is-layout-flex wp-block-gallery-3 wp-block-gallery columns-2 is-cropped\"><ul class=\"blocks-gallery-grid\"><li class=\"blocks-gallery-item\"><figure><img decoding=\"async\" loading=\"lazy\" width=\"1024\" height=\"768\" src=\"https:\/\/cypripedium.at\/wp-content\/uploads\/2019\/11\/DSC00307-1024x768.jpg\" alt=\"\" data-id=\"21050\" data-full-url=\"https:\/\/cypripedium.at\/wp-content\/uploads\/2019\/11\/DSC00307-scaled.jpg\" data-link=\"https:\/\/cypripedium.at\/?attachment_id=21050\" class=\"wp-image-21050\" srcset=\"https:\/\/cypripedium.at\/wp-content\/uploads\/2019\/11\/DSC00307-1024x768.jpg 1024w, https:\/\/cypripedium.at\/wp-content\/uploads\/2019\/11\/DSC00307-scaled-600x450.jpg 600w, https:\/\/cypripedium.at\/wp-content\/uploads\/2019\/11\/DSC00307-300x225.jpg 300w, https:\/\/cypripedium.at\/wp-content\/uploads\/2019\/11\/DSC00307-768x576.jpg 768w, https:\/\/cypripedium.at\/wp-content\/uploads\/2019\/11\/DSC00307-1536x1152.jpg 1536w, https:\/\/cypripedium.at\/wp-content\/uploads\/2019\/11\/DSC00307-2048x1536.jpg 2048w, https:\/\/cypripedium.at\/wp-content\/uploads\/2019\/11\/DSC00307-800x600.jpg 800w\" sizes=\"(max-width: 1024px) 100vw, 1024px\" \/><\/figure><\/li><li class=\"blocks-gallery-item\"><figure><img decoding=\"async\" loading=\"lazy\" width=\"1024\" height=\"768\" src=\"https:\/\/cypripedium.at\/wp-content\/uploads\/2019\/11\/DSC00030-1024x768.jpg\" alt=\"\" data-id=\"21051\" data-full-url=\"https:\/\/cypripedium.at\/wp-content\/uploads\/2019\/11\/DSC00030.jpg\" data-link=\"https:\/\/cypripedium.at\/?attachment_id=21051\" class=\"wp-image-21051\" srcset=\"https:\/\/cypripedium.at\/wp-content\/uploads\/2019\/11\/DSC00030-1024x768.jpg 1024w, https:\/\/cypripedium.at\/wp-content\/uploads\/2019\/11\/DSC00030-600x450.jpg 600w, https:\/\/cypripedium.at\/wp-content\/uploads\/2019\/11\/DSC00030-300x225.jpg 300w, https:\/\/cypripedium.at\/wp-content\/uploads\/2019\/11\/DSC00030-768x576.jpg 768w, https:\/\/cypripedium.at\/wp-content\/uploads\/2019\/11\/DSC00030-800x600.jpg 800w, https:\/\/cypripedium.at\/wp-content\/uploads\/2019\/11\/DSC00030.jpg 1280w\" sizes=\"(max-width: 1024px) 100vw, 1024px\" \/><\/figure><\/li><\/ul><\/figure>\n\n\n\n<p>Nach 2 j\u00e4hriger Kultur im Gew\u00e4chshaus wurden die Pflanzen einzeln getopft, und bl\u00fchten daraufhin im 3.Vegetations-Jahr zum ersten mal.<\/p>\n\n\n\n<p style=\"font-size:1px\">.<\/p>\n\n\n\n<figure class=\"is-layout-flex wp-block-gallery-5 wp-block-gallery columns-2 is-cropped\"><ul class=\"blocks-gallery-grid\"><li class=\"blocks-gallery-item\"><figure><img decoding=\"async\" loading=\"lazy\" width=\"622\" height=\"524\" src=\"https:\/\/cypripedium.at\/wp-content\/uploads\/2019\/11\/Saemlinge-2jahr.jpg\" alt=\"\" data-id=\"21052\" data-full-url=\"https:\/\/cypripedium.at\/wp-content\/uploads\/2019\/11\/Saemlinge-2jahr.jpg\" data-link=\"https:\/\/cypripedium.at\/?attachment_id=21052\" class=\"wp-image-21052\" srcset=\"https:\/\/cypripedium.at\/wp-content\/uploads\/2019\/11\/Saemlinge-2jahr.jpg 622w, https:\/\/cypripedium.at\/wp-content\/uploads\/2019\/11\/Saemlinge-2jahr-600x505.jpg 600w, https:\/\/cypripedium.at\/wp-content\/uploads\/2019\/11\/Saemlinge-2jahr-300x253.jpg 300w\" sizes=\"(max-width: 622px) 100vw, 622px\" \/><\/figure><\/li><li class=\"blocks-gallery-item\"><figure><img decoding=\"async\" loading=\"lazy\" width=\"727\" height=\"545\" src=\"https:\/\/cypripedium.at\/wp-content\/uploads\/2019\/11\/Erstblueher-hotei.jpg\" alt=\"\" data-id=\"21053\" data-full-url=\"https:\/\/cypripedium.at\/wp-content\/uploads\/2019\/11\/Erstblueher-hotei.jpg\" data-link=\"https:\/\/cypripedium.at\/?attachment_id=21053\" class=\"wp-image-21053\" srcset=\"https:\/\/cypripedium.at\/wp-content\/uploads\/2019\/11\/Erstblueher-hotei.jpg 727w, https:\/\/cypripedium.at\/wp-content\/uploads\/2019\/11\/Erstblueher-hotei-600x450.jpg 600w, https:\/\/cypripedium.at\/wp-content\/uploads\/2019\/11\/Erstblueher-hotei-300x225.jpg 300w\" sizes=\"(max-width: 727px) 100vw, 727px\" \/><\/figure><\/li><\/ul><\/figure>\n\n\n\n<p>Hier ist eine erfolgreiche Nachzucht dokumentiert.Dies soll nicht dar\u00fcber hinweg t\u00e4uschen, dass jeder Zuchtversuch so erfolgreich verl\u00e4uft !<\/p>\n","protected":false},"excerpt":{"rendered":"<p>Anhand eines Beispieles wird hier unsere Zuchtarbeit vorgestellt Im Kundenauftrag wurden Pflanzen (Cypripedium&nbsp;im Kundenbestand) selektiert, welche durch Bl\u00fctengr\u00f6sse bzw. -f\u00e4rbung , und gutes Wachstum f\u00fcr die Zucht als besonders geeignet einzustufen waren. . Nach der Handbest\u00e4ubung dieser Klone wurden die Samen nach der &#8222;Green pod&#8220;-Methode im Labor steril auf N\u00e4hrmedium ges\u00e4t.Nach einem Jahr konnten S\u00e4mlinge [&hellip;]<\/p>\n","protected":false},"author":1,"featured_media":0,"parent":0,"menu_order":1,"comment_status":"closed","ping_status":"closed","template":"","meta":[],"_links":{"self":[{"href":"https:\/\/cypripedium.at\/index.php?rest_route=\/wp\/v2\/pages\/21043"}],"collection":[{"href":"https:\/\/cypripedium.at\/index.php?rest_route=\/wp\/v2\/pages"}],"about":[{"href":"https:\/\/cypripedium.at\/index.php?rest_route=\/wp\/v2\/types\/page"}],"author":[{"embeddable":true,"href":"https:\/\/cypripedium.at\/index.php?rest_route=\/wp\/v2\/users\/1"}],"replies":[{"embeddable":true,"href":"https:\/\/cypripedium.at\/index.php?rest_route=%2Fwp%2Fv2%2Fcomments&post=21043"}],"version-history":[{"count":2,"href":"https:\/\/cypripedium.at\/index.php?rest_route=\/wp\/v2\/pages\/21043\/revisions"}],"predecessor-version":[{"id":21077,"href":"https:\/\/cypripedium.at\/index.php?rest_route=\/wp\/v2\/pages\/21043\/revisions\/21077"}],"wp:attachment":[{"href":"https:\/\/cypripedium.at\/index.php?rest_route=%2Fwp%2Fv2%2Fmedia&parent=21043"}],"curies":[{"name":"wp","href":"https:\/\/api.w.org\/{rel}","templated":true}]}}