{"id":11,"date":"2019-11-28T12:22:37","date_gmt":"2019-11-28T12:22:37","guid":{"rendered":"https:\/\/cypripedium.at\/?page_id=11"},"modified":"2020-01-09T16:53:09","modified_gmt":"2020-01-09T16:53:09","slug":"anleitungen","status":"publish","type":"page","link":"https:\/\/cypripedium.at\/?page_id=11","title":{"rendered":"Anleitungen"},"content":{"rendered":"\n<div class=\"is-layout-flow wp-block-group\"><div class=\"wp-block-group__inner-container\">\n<h2>Anleitungen<\/h2>\n\n\n\n<p>Hier finden Sie praktische Kulturanleitungen f\u00fcr Pflanzen, bzw. Beschreibungen f\u00fcr die Errichtung von Pflanzbereichen im Garten<\/p>\n<\/div><\/div>\n\n\n\n<hr class=\"wp-block-separator\"\/>\n\n\n\n<h4>Kulturanleitung f\u00fcr Pflanzen<\/h4>\n\n\n\n<div class=\"wp-block-cover has-background-dim\" style=\"background-image:url(https:\/\/cypripedium.at\/wp-content\/uploads\/2019\/11\/es_web_platzhalter_bild_3x2@800px-5.png);min-height:204px\"><div class=\"wp-block-cover__inner-container\">\n<p class=\"has-text-align-center has-large-font-size\"><a href=\"https:\/\/cypripedium.at\/anleitungen\/kulturanleitung-fur-kobralilien-arisaema\/\">Kulturanleitung f\u00fcr Kobralilien, Arisaema<\/a><\/p>\n<\/div><\/div>\n\n\n\n<hr class=\"wp-block-separator\"\/>\n\n\n\n<div class=\"wp-block-cover has-background-dim\" style=\"background-image:url(https:\/\/cypripedium.at\/wp-content\/uploads\/2019\/11\/es_web_platzhalter_bild_3x2@800px-5.png);min-height:204px\"><div class=\"wp-block-cover__inner-container\">\n<p class=\"has-text-align-center has-large-font-size\">Kulturanleitung f\u00fcr Frauenschuh-Orchideen , Cypripedium, im Garten<\/p>\n<\/div><\/div>\n\n\n\n<hr class=\"wp-block-separator\"\/>\n\n\n\n<div class=\"wp-block-cover has-background-dim\" style=\"background-image:url(https:\/\/cypripedium.at\/wp-content\/uploads\/2019\/11\/es_web_platzhalter_bild_3x2@800px-5.png);min-height:204px\"><div class=\"wp-block-cover__inner-container\">\n<p class=\"has-text-align-center has-large-font-size\">Kulturanleitung f\u00fcr Knabenkr\u00e4uter<\/p>\n<\/div><\/div>\n\n\n\n<hr class=\"wp-block-separator\"\/>\n\n\n\n<div class=\"wp-block-cover has-background-dim\" style=\"background-image:url(https:\/\/cypripedium.at\/wp-content\/uploads\/2019\/11\/es_web_platzhalter_bild_3x2@800px-5.png);min-height:204px\"><div class=\"wp-block-cover__inner-container\">\n<p class=\"has-text-align-center has-large-font-size\">Kulturanleitung f\u00fcr Knollen-Orchideen ( Kontainerkultur)&nbsp;&nbsp;<\/p>\n<\/div><\/div>\n\n\n\n<hr class=\"wp-block-separator\"\/>\n\n\n\n<h4>Pflanzbereiche im Garten<\/h4>\n\n\n\n<div class=\"wp-block-cover has-background-dim\" style=\"background-image:url(https:\/\/cypripedium.at\/wp-content\/uploads\/2019\/11\/es_web_platzhalter_bild_3x2@800px-5.png);min-height:204px\"><div class=\"wp-block-cover__inner-container\">\n<p class=\"has-text-align-center has-large-font-size\">Schematische Skizzierung eines Moores, Bauanleitung<\/p>\n<\/div><\/div>\n\n\n\n<p><\/p>\n","protected":false},"excerpt":{"rendered":"<p>Anleitungen Hier finden Sie praktische Kulturanleitungen f\u00fcr Pflanzen, bzw. Beschreibungen f\u00fcr die Errichtung von Pflanzbereichen im Garten Kulturanleitung f\u00fcr Pflanzen Pflanzbereiche im Garten<\/p>\n","protected":false},"author":1,"featured_media":0,"parent":0,"menu_order":4,"comment_status":"closed","ping_status":"closed","template":"","meta":[],"_links":{"self":[{"href":"https:\/\/cypripedium.at\/index.php?rest_route=\/wp\/v2\/pages\/11"}],"collection":[{"href":"https:\/\/cypripedium.at\/index.php?rest_route=\/wp\/v2\/pages"}],"about":[{"href":"https:\/\/cypripedium.at\/index.php?rest_route=\/wp\/v2\/types\/page"}],"author":[{"embeddable":true,"href":"https:\/\/cypripedium.at\/index.php?rest_route=\/wp\/v2\/users\/1"}],"replies":[{"embeddable":true,"href":"https:\/\/cypripedium.at\/index.php?rest_route=%2Fwp%2Fv2%2Fcomments&post=11"}],"version-history":[{"count":9,"href":"https:\/\/cypripedium.at\/index.php?rest_route=\/wp\/v2\/pages\/11\/revisions"}],"predecessor-version":[{"id":56,"href":"https:\/\/cypripedium.at\/index.php?rest_route=\/wp\/v2\/pages\/11\/revisions\/56"}],"wp:attachment":[{"href":"https:\/\/cypripedium.at\/index.php?rest_route=%2Fwp%2Fv2%2Fmedia&parent=11"}],"curies":[{"name":"wp","href":"https:\/\/api.w.org\/{rel}","templated":true}]}}